{"id":114,"date":"2022-07-19T19:52:46","date_gmt":"2022-07-19T18:52:46","guid":{"rendered":"https:\/\/lacets-roses.ch\/?page_id=114"},"modified":"2022-07-19T21:09:26","modified_gmt":"2022-07-19T20:09:26","slug":"dabei-sein","status":"publish","type":"page","link":"https:\/\/lacets-roses.ch\/?page_id=114","title":{"rendered":"Dabei sein"},"content":{"rendered":"\n<h2 class=\"wp-block-heading\">Alles v\u00f6llig unkompliziert<\/h2>\n\n\n\n<p><strong>Du kannst jederzeit &#8211; auch ohne vorherige Anmeldung &#8211; an einer Wanderung teilnehmen!<\/strong><\/p>\n\n\n\n<ul class=\"wp-block-list\"><li><strong><a href=\"mailto:info@lacets-roses.ch\">info@lacets-roses.ch<\/a> f\u00fcr E-Mail-Infos und allgemeine Kontakte mit dem Leitungsteam und f\u00fcr Anliegen an den Webmaster.<\/strong><\/li><li><strong><a href=\"mailto:spontan@lacets-roses.ch\">spontan@lacets-roses.ch<\/a> f\u00fcr E-Mail-Infos \u00fcber kurzfristige Wanderungen unter der Woche<\/strong>.<\/li><li><strong>Kontaktiere den jeweiligen Wanderleiter aus dem Programm, siehe <a href=\"https:\/\/lacets-roses.ch\/?page_id=8\">Agenda<\/a>, falls etwas nicht klar ist.<\/strong><\/li><\/ul>\n","protected":false},"excerpt":{"rendered":"<p>Alles v\u00f6llig unkompliziert Du kannst jederzeit &#8211; auch ohne vorherige Anmeldung &#8211; an einer Wanderung teilnehmen! info@lacets-roses.ch f\u00fcr E-Mail-Infos und allgemeine Kontakte mit dem Leitungsteam und f\u00fcr Anliegen an den Webmaster. spontan@lacets-roses.ch f\u00fcr E-Mail-Infos \u00fcber kurzfristige Wanderungen unter der Woche. Kontaktiere den jeweiligen Wanderleiter aus dem Programm, siehe Agenda, falls etwas nicht klar ist.<\/p>\n","protected":false},"author":1,"featured_media":0,"parent":12,"menu_order":1,"comment_status":"closed","ping_status":"closed","template":"","meta":{"footnotes":""},"class_list":["post-114","page","type-page","status-publish","hentry"],"_links":{"self":[{"href":"https:\/\/lacets-roses.ch\/index.php?rest_route=\/wp\/v2\/pages\/114","targetHints":{"allow":["GET"]}}],"collection":[{"href":"https:\/\/lacets-roses.ch\/index.php?rest_route=\/wp\/v2\/pages"}],"about":[{"href":"https:\/\/lacets-roses.ch\/index.php?rest_route=\/wp\/v2\/types\/page"}],"author":[{"embeddable":true,"href":"https:\/\/lacets-roses.ch\/index.php?rest_route=\/wp\/v2\/users\/1"}],"replies":[{"embeddable":true,"href":"https:\/\/lacets-roses.ch\/index.php?rest_route=%2Fwp%2Fv2%2Fcomments&post=114"}],"version-history":[{"count":2,"href":"https:\/\/lacets-roses.ch\/index.php?rest_route=\/wp\/v2\/pages\/114\/revisions"}],"predecessor-version":[{"id":263,"href":"https:\/\/lacets-roses.ch\/index.php?rest_route=\/wp\/v2\/pages\/114\/revisions\/263"}],"up":[{"embeddable":true,"href":"https:\/\/lacets-roses.ch\/index.php?rest_route=\/wp\/v2\/pages\/12"}],"wp:attachment":[{"href":"https:\/\/lacets-roses.ch\/index.php?rest_route=%2Fwp%2Fv2%2Fmedia&parent=114"}],"curies":[{"name":"wp","href":"https:\/\/api.w.org\/{rel}","templated":true}]}}