{"id":11,"date":"2022-07-19T10:36:47","date_gmt":"2022-07-19T09:36:47","guid":{"rendered":"https:\/\/lacets-roses.ch\/?page_id=11"},"modified":"2024-07-16T19:47:18","modified_gmt":"2024-07-16T18:47:18","slug":"ueber-uns","status":"publish","type":"page","link":"https:\/\/lacets-roses.ch\/?page_id=11","title":{"rendered":"\u00dcber uns"},"content":{"rendered":"\n<h2 class=\"wp-block-heading\"><strong>Woher kommt der Name &#8222;Les Lacets Roses&#8220;?&nbsp;<\/strong><\/h2>\n\n\n\n<p><strong>&#8222;<em>Jeder wird etwas Herzklopfen haben. Kommt trotzdem!<\/em>&#8220; Dies schrieb Heinz Rubin auf seine Einladung zur allersten Wanderung am 26. Mai 1991 f\u00fcr schwule M\u00e4nner (siehe <a href=\"https:\/\/lacets-roses.ch\/?page_id=13\">Archiv<\/a>). Damals gabs noch kaum Handy oder PC, um sich auszutauschen. Zuerst war es eine kleine Gruppe von M\u00e4nnern, die aber sehr schnell wuchs und bis zu 50 Teilnehmer pro Wanderung umfasste. Der Treffpunkt war meistens ein Bahnhof. Das Erkennungszeichen waren die rosaroten Schn\u00fcrsenkel, daher der Name!<\/strong> <strong>\u00dcbrigens unter uns k\u00fcrzen wir oft &#8222;Les Lacets Roses&#8220; mit &#8222;LaRo&#8220; ab.<\/strong><\/p>\n\n\n\n<p><strong>Selbstverst\u00e4ndlich sind alle, die sich mit der LGBTIQ-Community verbunden f\u00fchlen, willkommen zu unseren Wanderungen. Allerdings ist das &#8222;.GB&#8230;&#8220; doch klar in der Mehrheit &#8211; und das ist gut so.<\/strong><\/p>\n\n\n\n<p><strong>Jeden Monat wird von einem freiwilligen Tagesleiter eine Wanderung von einem oder zwei Tagen organisiert. Im Winter sind die Wanderungen eher gem\u00fctlich mit einem Essen im Restaurant und im Sommer eher sportlich, auch mit Bergtouren. Auch Wanderferienwochen werden hin und wieder angeboten. Und last but not least findet \u00fcber Silvester\/Neujahr das legend\u00e4re Wanderlager (3-5 Tage) statt. So kommt jeder auf seine Rechnung!<\/strong><\/p>\n\n\n\n<p><strong>Die Ausschreibungen verschickte Heinz Rubin fr\u00fcher halbj\u00e4hrlich, ganz traditionell per Briefpost. Seit 2023 werden standardm\u00e4ssig alle Informationen per Mail verschickt, sofern du dich unter <a href=\"mailto:info@lacets-roses.ch\">info@lacets-roses.ch<\/a> mit Vornamen, Namen und deiner Mailadresse angemeldet hast. <\/strong><\/p>\n\n\n\n<p><strong>Neu gibt es zus\u00e4tzlich kurzfristige Wanderangebote unter der Woche (bei sch\u00f6nem Wetter nat\u00fcrlich), sogenannte Spontanwanderungen. Auch hier kann jedermann Wanderleiter sein und die Teilnahme ist unkompliziert. Interessiert? Dann melde dich bitte unter <a href=\"mailto:spontan@lacets-roses.ch\">spontan@lacets-roses.ch<\/a>  . <\/strong><\/p>\n\n\n\n<p><strong>In der Regel gibt es keine Anmeldepflicht f\u00fcr die monatlichen Wanderungen, ausser es sei auf der Ausschreibung erw\u00fcnscht.<\/strong><\/p>\n\n\n\n<p><strong><em>Komm doch einfach mal mit!<\/em><\/strong><\/p>\n\n\n\n<p><strong>Wir sind kein Verein und organisieren uns selbst auf freiwilliger Basis. Im Leitungsteam wirken mit:<\/strong><\/p>\n\n\n\n<ul class=\"wp-block-list\">\n<li><strong>Heinz Rubin, Koordinator \u00abChef\u00bb und Kassier<\/strong><\/li>\n\n\n\n<li><strong>Urs M\u00fchlethaler, Infomail, Webmaster und spontan wandern<\/strong><\/li>\n<\/ul>\n\n\n\n<p><strong>Ein kleiner freiwilliger Jahresbeitrag (20 CHF pro Haushalt) ist erw\u00fcnscht, um die generellen Unkosten und den Webauftritt zu finanzieren. Solltest du dich f\u00fcr ein Legat (Verm\u00e4chtnis in deinem Testament) an Les Lacets Roses entscheiden, so verwenden wir dieses Geschenk f\u00fcr eine Gedenkwanderung an dich, inklusive Mittagessen (ausser du w\u00fcnschst eine andere Verwendung). <\/strong><\/p>\n\n\n\n<p><strong>Beitr\u00e4ge bitte an IBAN CH11 0839 2000 0000 2957 2, Les Lacets Roses, c\/o Heinz Rubin, 3066 Stettlen&nbsp;<\/strong><\/p>\n","protected":false},"excerpt":{"rendered":"<p>Woher kommt der Name &#8222;Les Lacets Roses&#8220;?&nbsp; &#8222;Jeder wird etwas Herzklopfen haben. Kommt trotzdem!&#8220; Dies schrieb Heinz Rubin auf seine Einladung zur allersten Wanderung am 26. Mai 1991 f\u00fcr schwule M\u00e4nner (siehe Archiv). Damals gabs noch kaum Handy oder PC, um sich auszutauschen. Zuerst war es eine kleine Gruppe von M\u00e4nnern, die aber sehr schnell [&hellip;]<\/p>\n","protected":false},"author":1,"featured_media":0,"parent":0,"menu_order":0,"comment_status":"closed","ping_status":"closed","template":"","meta":{"footnotes":""},"class_list":["post-11","page","type-page","status-publish","hentry"],"_links":{"self":[{"href":"https:\/\/lacets-roses.ch\/index.php?rest_route=\/wp\/v2\/pages\/11","targetHints":{"allow":["GET"]}}],"collection":[{"href":"https:\/\/lacets-roses.ch\/index.php?rest_route=\/wp\/v2\/pages"}],"about":[{"href":"https:\/\/lacets-roses.ch\/index.php?rest_route=\/wp\/v2\/types\/page"}],"author":[{"embeddable":true,"href":"https:\/\/lacets-roses.ch\/index.php?rest_route=\/wp\/v2\/users\/1"}],"replies":[{"embeddable":true,"href":"https:\/\/lacets-roses.ch\/index.php?rest_route=%2Fwp%2Fv2%2Fcomments&post=11"}],"version-history":[{"count":12,"href":"https:\/\/lacets-roses.ch\/index.php?rest_route=\/wp\/v2\/pages\/11\/revisions"}],"predecessor-version":[{"id":902,"href":"https:\/\/lacets-roses.ch\/index.php?rest_route=\/wp\/v2\/pages\/11\/revisions\/902"}],"wp:attachment":[{"href":"https:\/\/lacets-roses.ch\/index.php?rest_route=%2Fwp%2Fv2%2Fmedia&parent=11"}],"curies":[{"name":"wp","href":"https:\/\/api.w.org\/{rel}","templated":true}]}}